{"id":2737,"date":"2024-04-08T17:15:58","date_gmt":"2024-04-08T10:15:58","guid":{"rendered":"https:\/\/www.wedabaynickel.com\/?page_id=2737"},"modified":"2024-12-19T19:39:03","modified_gmt":"2024-12-19T12:39:03","slug":"controle-qualite","status":"publish","type":"page","link":"https:\/\/www.wedabaynickel.com\/fr\/weda-bay-nickel\/nos-activites\/controle-qualite\/","title":{"rendered":"Contr\u00f4le qualit\u00e9"},"content":{"rendered":"<div class=\"fusion-fullwidth fullwidth-box fusion-builder-row-1 fusion-flex-container has-pattern-background has-mask-background anchor hundred-percent-fullwidth hundred-percent-height hundred-percent-height-center-content non-hundred-percent-height-scrolling\" style=\"--awb-border-radius-top-left:0px;--awb-border-radius-top-right:0px;--awb-border-radius-bottom-right:0px;--awb-border-radius-bottom-left:0px;--awb-padding-right:0px;--awb-padding-left:0px;--awb-flex-wrap:wrap;\" id=\"human\" ><div class=\"fusion-builder-row fusion-row fusion-flex-align-items-flex-start fusion-flex-content-wrap\" style=\"width:calc( 100% + 0px ) !important;max-width:calc( 100% + 0px ) !important;margin-left: calc(-0px \/ 2 );margin-right: calc(-0px \/ 2 );\"><div class=\"fusion-layout-column fusion_builder_column fusion-builder-column-0 fusion-flex-column fusion-flex-align-self-stretch\" style=\"--awb-bg-image:url(&#039;https:\/\/www.wedabaynickel.com\/wp-content\/uploads\/sites\/13\/2024\/10\/ALGF3019.jpg&#039;);--awb-bg-position:center center;--awb-bg-size:cover;--awb-width-large:calc(100% - 400px);--awb-margin-top-large:0px;--awb-spacing-right-large:0px;--awb-margin-bottom-large:0px;--awb-spacing-left-large:0px;--awb-width-medium:calc(100% - 400px);--awb-order-medium:0;--awb-spacing-right-medium:0px;--awb-spacing-left-medium:0px;--awb-width-small:100%;--awb-order-small:0;--awb-spacing-right-small:0px;--awb-spacing-left-small:0px;\"><div class=\"fusion-column-wrapper fusion-column-has-shadow fusion-flex-justify-content-flex-end fusion-content-layout-column fusion-empty-column-bg-image fusion-column-has-bg-image\" data-bg-url=\"https:\/\/www.wedabaynickel.com\/wp-content\/uploads\/sites\/13\/2024\/10\/ALGF3019.jpg\"><img decoding=\"async\" class=\"fusion-empty-dims-img-placeholder\" aria-label=\"Quality\" src=\"data:image\/svg+xml,%3Csvg%20xmlns%3D%27http%3A%2F%2Fwww.w3.org%2F2000%2Fsvg%27%20width%3D%272001%27%20height%3D%271600%27%20viewBox%3D%270%200%202001%201600%27%3E%3Crect%20width%3D%272001%27%20height%3D%271600%27%20fill-opacity%3D%220%22%2F%3E%3C%2Fsvg%3E\"><\/div><\/div><div class=\"fusion-layout-column fusion_builder_column fusion-builder-column-1 fusion-flex-column\" style=\"--awb-padding-top:40px;--awb-padding-right:40px;--awb-padding-bottom:40px;--awb-padding-left:40px;--awb-bg-size:cover;--awb-width-large:400px;--awb-margin-top-large:0px;--awb-spacing-right-large:0px;--awb-margin-bottom-large:20px;--awb-spacing-left-large:0px;--awb-width-medium:400px;--awb-order-medium:0;--awb-spacing-right-medium:0px;--awb-spacing-left-medium:0px;--awb-width-small:100%;--awb-order-small:0;--awb-spacing-right-small:0px;--awb-spacing-left-small:0px;\"><div class=\"fusion-column-wrapper fusion-column-has-shadow fusion-flex-justify-content-flex-start fusion-content-layout-column\"><div class=\"fusion-text fusion-text-1\"><h2 class=\"fusion-title-heading title-heading-left\">Un suivi rigoureux de la qualit\u00e9<\/h2>\n<p>Le minerai extrait, qu&rsquo;il s&rsquo;agisse de saprolite ou de lat\u00e9rite, est soumis \u00e0 une analyse continue \u00e0 diff\u00e9rents stades du processus d&rsquo;extraction afin de d\u00e9terminer sa teneur et sa composition chimique inh\u00e9rente, qui sont vitales pour le traitement ult\u00e9rieur \u00e0 l&rsquo;usine.<\/p>\n<p>\u00c0 l&rsquo;arriv\u00e9e du minerai dans les sites de stockage temporaire, des \u00e9chantillons sont pr\u00e9lev\u00e9s pour \u00eatre analys\u00e9s dans un laboratoire accr\u00e9dit\u00e9 situ\u00e9 \u00e0 proximit\u00e9 de la mine.<\/p>\n<p>Cette proc\u00e9dure permet d&rsquo;am\u00e9liorer la qualit\u00e9 du produit fourni aux installations de traitement et de garantir le respect de leurs exigences.<\/p>\n<p>Le respect de normes de qualit\u00e9 rigoureuses nous permet de fournir des produits de premi\u00e8re qualit\u00e9 \u00e0 notre client\u00e8le.<\/p>\n<\/div><\/div><\/div><\/div><\/div>\n","protected":false},"excerpt":{"rendered":"","protected":false},"author":4,"featured_media":2602,"parent":2734,"menu_order":3,"comment_status":"closed","ping_status":"closed","template":"100-width.php","meta":{"footnotes":""},"class_list":["post-2737","page","type-page","status-publish","has-post-thumbnail","hentry"],"yoast_head":"<!-- This site is optimized with the Yoast SEO plugin v26.8 - https:\/\/yoast.com\/product\/yoast-seo-wordpress\/ -->\n<title>Contr\u00f4le qualit\u00e9 - Weda Bay Nickel<\/title>\n<meta name=\"robots\" content=\"index, follow, max-snippet:-1, max-image-preview:large, max-video-preview:-1\" \/>\n<link rel=\"canonical\" href=\"https:\/\/www.wedabaynickel.com\/fr\/weda-bay-nickel\/nos-activites\/controle-qualite\/\" \/>\n<meta property=\"og:locale\" content=\"fr_FR\" \/>\n<meta property=\"og:type\" content=\"article\" \/>\n<meta property=\"og:title\" content=\"Contr\u00f4le qualit\u00e9 - Weda Bay Nickel\" \/>\n<meta property=\"og:url\" content=\"https:\/\/www.wedabaynickel.com\/fr\/weda-bay-nickel\/nos-activites\/controle-qualite\/\" \/>\n<meta property=\"og:site_name\" content=\"Weda Bay Nickel\" \/>\n<meta property=\"article:modified_time\" content=\"2024-12-19T12:39:03+00:00\" \/>\n<meta property=\"og:image\" content=\"https:\/\/www.wedabaynickel.com\/wp-content\/uploads\/sites\/13\/2024\/04\/P1133806.jpg\" \/>\n\t<meta property=\"og:image:width\" content=\"1920\" \/>\n\t<meta property=\"og:image:height\" content=\"1080\" \/>\n\t<meta property=\"og:image:type\" content=\"image\/jpeg\" \/>\n<meta name=\"twitter:card\" content=\"summary_large_image\" \/>\n<meta name=\"twitter:label1\" content=\"Dur\u00e9e de lecture estim\u00e9e\" \/>\n\t<meta name=\"twitter:data1\" content=\"1 minute\" \/>\n<script type=\"application\/ld+json\" class=\"yoast-schema-graph\">{\"@context\":\"https:\/\/schema.org\",\"@graph\":[{\"@type\":\"WebPage\",\"@id\":\"https:\/\/www.wedabaynickel.com\/fr\/weda-bay-nickel\/nos-activites\/controle-qualite\/\",\"url\":\"https:\/\/www.wedabaynickel.com\/fr\/weda-bay-nickel\/nos-activites\/controle-qualite\/\",\"name\":\"Contr\u00f4le qualit\u00e9 - Weda Bay Nickel\",\"isPartOf\":{\"@id\":\"https:\/\/www.wedabaynickel.com\/en\/#website\"},\"primaryImageOfPage\":{\"@id\":\"https:\/\/www.wedabaynickel.com\/fr\/weda-bay-nickel\/nos-activites\/controle-qualite\/#primaryimage\"},\"image\":{\"@id\":\"https:\/\/www.wedabaynickel.com\/fr\/weda-bay-nickel\/nos-activites\/controle-qualite\/#primaryimage\"},\"thumbnailUrl\":\"https:\/\/www.wedabaynickel.com\/wp-content\/uploads\/sites\/13\/2024\/04\/P1133806.jpg\",\"datePublished\":\"2024-04-08T10:15:58+00:00\",\"dateModified\":\"2024-12-19T12:39:03+00:00\",\"breadcrumb\":{\"@id\":\"https:\/\/www.wedabaynickel.com\/fr\/weda-bay-nickel\/nos-activites\/controle-qualite\/#breadcrumb\"},\"inLanguage\":\"fr-FR\",\"potentialAction\":[{\"@type\":\"ReadAction\",\"target\":[\"https:\/\/www.wedabaynickel.com\/fr\/weda-bay-nickel\/nos-activites\/controle-qualite\/\"]}]},{\"@type\":\"ImageObject\",\"inLanguage\":\"fr-FR\",\"@id\":\"https:\/\/www.wedabaynickel.com\/fr\/weda-bay-nickel\/nos-activites\/controle-qualite\/#primaryimage\",\"url\":\"https:\/\/www.wedabaynickel.com\/wp-content\/uploads\/sites\/13\/2024\/04\/P1133806.jpg\",\"contentUrl\":\"https:\/\/www.wedabaynickel.com\/wp-content\/uploads\/sites\/13\/2024\/04\/P1133806.jpg\",\"width\":1920,\"height\":1080},{\"@type\":\"BreadcrumbList\",\"@id\":\"https:\/\/www.wedabaynickel.com\/fr\/weda-bay-nickel\/nos-activites\/controle-qualite\/#breadcrumb\",\"itemListElement\":[{\"@type\":\"ListItem\",\"position\":1,\"name\":\"Home\",\"item\":\"https:\/\/www.wedabaynickel.com\/fr\/\"},{\"@type\":\"ListItem\",\"position\":2,\"name\":\"Weda Bay Nickel\",\"item\":\"https:\/\/www.wedabaynickel.com\/fr\/\"},{\"@type\":\"ListItem\",\"position\":3,\"name\":\"Nos activit\u00e9s\",\"item\":\"https:\/\/www.wedabaynickel.com\/fr\/weda-bay-nickel\/nos-activites\/\"},{\"@type\":\"ListItem\",\"position\":4,\"name\":\"Contr\u00f4le qualit\u00e9\"}]},{\"@type\":\"WebSite\",\"@id\":\"https:\/\/www.wedabaynickel.com\/en\/#website\",\"url\":\"https:\/\/www.wedabaynickel.com\/en\/\",\"name\":\"Weda Bay Nickel\",\"description\":\"We provide nickel ore, an essential metal to develop new energy systems\",\"publisher\":{\"@id\":\"https:\/\/www.wedabaynickel.com\/en\/#organization\"},\"potentialAction\":[{\"@type\":\"SearchAction\",\"target\":{\"@type\":\"EntryPoint\",\"urlTemplate\":\"https:\/\/www.wedabaynickel.com\/en\/?s={search_term_string}\"},\"query-input\":{\"@type\":\"PropertyValueSpecification\",\"valueRequired\":true,\"valueName\":\"search_term_string\"}}],\"inLanguage\":\"fr-FR\"},{\"@type\":\"Organization\",\"@id\":\"https:\/\/www.wedabaynickel.com\/en\/#organization\",\"name\":\"Weda Bay Nickel\",\"url\":\"https:\/\/www.wedabaynickel.com\/en\/\",\"logo\":{\"@type\":\"ImageObject\",\"inLanguage\":\"fr-FR\",\"@id\":\"https:\/\/www.wedabaynickel.com\/en\/#\/schema\/logo\/image\/\",\"url\":\"https:\/\/www.wedabaynickel.com\/wp-content\/uploads\/sites\/13\/2024\/10\/WedaBayNickel-logo-16x9-1.png\",\"contentUrl\":\"https:\/\/www.wedabaynickel.com\/wp-content\/uploads\/sites\/13\/2024\/10\/WedaBayNickel-logo-16x9-1.png\",\"width\":1600,\"height\":900,\"caption\":\"Weda Bay Nickel\"},\"image\":{\"@id\":\"https:\/\/www.wedabaynickel.com\/en\/#\/schema\/logo\/image\/\"}}]}<\/script>\n<!-- \/ Yoast SEO plugin. -->","yoast_head_json":{"title":"Contr\u00f4le qualit\u00e9 - Weda Bay Nickel","robots":{"index":"index","follow":"follow","max-snippet":"max-snippet:-1","max-image-preview":"max-image-preview:large","max-video-preview":"max-video-preview:-1"},"canonical":"https:\/\/www.wedabaynickel.com\/fr\/weda-bay-nickel\/nos-activites\/controle-qualite\/","og_locale":"fr_FR","og_type":"article","og_title":"Contr\u00f4le qualit\u00e9 - Weda Bay Nickel","og_url":"https:\/\/www.wedabaynickel.com\/fr\/weda-bay-nickel\/nos-activites\/controle-qualite\/","og_site_name":"Weda Bay Nickel","article_modified_time":"2024-12-19T12:39:03+00:00","og_image":[{"width":1920,"height":1080,"url":"https:\/\/www.wedabaynickel.com\/wp-content\/uploads\/sites\/13\/2024\/04\/P1133806.jpg","type":"image\/jpeg"}],"twitter_card":"summary_large_image","twitter_misc":{"Dur\u00e9e de lecture estim\u00e9e":"1 minute"},"schema":{"@context":"https:\/\/schema.org","@graph":[{"@type":"WebPage","@id":"https:\/\/www.wedabaynickel.com\/fr\/weda-bay-nickel\/nos-activites\/controle-qualite\/","url":"https:\/\/www.wedabaynickel.com\/fr\/weda-bay-nickel\/nos-activites\/controle-qualite\/","name":"Contr\u00f4le qualit\u00e9 - Weda Bay Nickel","isPartOf":{"@id":"https:\/\/www.wedabaynickel.com\/en\/#website"},"primaryImageOfPage":{"@id":"https:\/\/www.wedabaynickel.com\/fr\/weda-bay-nickel\/nos-activites\/controle-qualite\/#primaryimage"},"image":{"@id":"https:\/\/www.wedabaynickel.com\/fr\/weda-bay-nickel\/nos-activites\/controle-qualite\/#primaryimage"},"thumbnailUrl":"https:\/\/www.wedabaynickel.com\/wp-content\/uploads\/sites\/13\/2024\/04\/P1133806.jpg","datePublished":"2024-04-08T10:15:58+00:00","dateModified":"2024-12-19T12:39:03+00:00","breadcrumb":{"@id":"https:\/\/www.wedabaynickel.com\/fr\/weda-bay-nickel\/nos-activites\/controle-qualite\/#breadcrumb"},"inLanguage":"fr-FR","potentialAction":[{"@type":"ReadAction","target":["https:\/\/www.wedabaynickel.com\/fr\/weda-bay-nickel\/nos-activites\/controle-qualite\/"]}]},{"@type":"ImageObject","inLanguage":"fr-FR","@id":"https:\/\/www.wedabaynickel.com\/fr\/weda-bay-nickel\/nos-activites\/controle-qualite\/#primaryimage","url":"https:\/\/www.wedabaynickel.com\/wp-content\/uploads\/sites\/13\/2024\/04\/P1133806.jpg","contentUrl":"https:\/\/www.wedabaynickel.com\/wp-content\/uploads\/sites\/13\/2024\/04\/P1133806.jpg","width":1920,"height":1080},{"@type":"BreadcrumbList","@id":"https:\/\/www.wedabaynickel.com\/fr\/weda-bay-nickel\/nos-activites\/controle-qualite\/#breadcrumb","itemListElement":[{"@type":"ListItem","position":1,"name":"Home","item":"https:\/\/www.wedabaynickel.com\/fr\/"},{"@type":"ListItem","position":2,"name":"Weda Bay Nickel","item":"https:\/\/www.wedabaynickel.com\/fr\/"},{"@type":"ListItem","position":3,"name":"Nos activit\u00e9s","item":"https:\/\/www.wedabaynickel.com\/fr\/weda-bay-nickel\/nos-activites\/"},{"@type":"ListItem","position":4,"name":"Contr\u00f4le qualit\u00e9"}]},{"@type":"WebSite","@id":"https:\/\/www.wedabaynickel.com\/en\/#website","url":"https:\/\/www.wedabaynickel.com\/en\/","name":"Weda Bay Nickel","description":"We provide nickel ore, an essential metal to develop new energy systems","publisher":{"@id":"https:\/\/www.wedabaynickel.com\/en\/#organization"},"potentialAction":[{"@type":"SearchAction","target":{"@type":"EntryPoint","urlTemplate":"https:\/\/www.wedabaynickel.com\/en\/?s={search_term_string}"},"query-input":{"@type":"PropertyValueSpecification","valueRequired":true,"valueName":"search_term_string"}}],"inLanguage":"fr-FR"},{"@type":"Organization","@id":"https:\/\/www.wedabaynickel.com\/en\/#organization","name":"Weda Bay Nickel","url":"https:\/\/www.wedabaynickel.com\/en\/","logo":{"@type":"ImageObject","inLanguage":"fr-FR","@id":"https:\/\/www.wedabaynickel.com\/en\/#\/schema\/logo\/image\/","url":"https:\/\/www.wedabaynickel.com\/wp-content\/uploads\/sites\/13\/2024\/10\/WedaBayNickel-logo-16x9-1.png","contentUrl":"https:\/\/www.wedabaynickel.com\/wp-content\/uploads\/sites\/13\/2024\/10\/WedaBayNickel-logo-16x9-1.png","width":1600,"height":900,"caption":"Weda Bay Nickel"},"image":{"@id":"https:\/\/www.wedabaynickel.com\/en\/#\/schema\/logo\/image\/"}}]}},"_links":{"self":[{"href":"https:\/\/www.wedabaynickel.com\/fr\/wp-json\/wp\/v2\/pages\/2737","targetHints":{"allow":["GET"]}}],"collection":[{"href":"https:\/\/www.wedabaynickel.com\/fr\/wp-json\/wp\/v2\/pages"}],"about":[{"href":"https:\/\/www.wedabaynickel.com\/fr\/wp-json\/wp\/v2\/types\/page"}],"author":[{"embeddable":true,"href":"https:\/\/www.wedabaynickel.com\/fr\/wp-json\/wp\/v2\/users\/4"}],"replies":[{"embeddable":true,"href":"https:\/\/www.wedabaynickel.com\/fr\/wp-json\/wp\/v2\/comments?post=2737"}],"version-history":[{"count":2,"href":"https:\/\/www.wedabaynickel.com\/fr\/wp-json\/wp\/v2\/pages\/2737\/revisions"}],"predecessor-version":[{"id":2749,"href":"https:\/\/www.wedabaynickel.com\/fr\/wp-json\/wp\/v2\/pages\/2737\/revisions\/2749"}],"up":[{"embeddable":true,"href":"https:\/\/www.wedabaynickel.com\/fr\/wp-json\/wp\/v2\/pages\/2734"}],"wp:featuredmedia":[{"embeddable":true,"href":"https:\/\/www.wedabaynickel.com\/fr\/wp-json\/wp\/v2\/media\/2602"}],"wp:attachment":[{"href":"https:\/\/www.wedabaynickel.com\/fr\/wp-json\/wp\/v2\/media?parent=2737"}],"curies":[{"name":"wp","href":"https:\/\/api.w.org\/{rel}","templated":true}]}}