{"id":2809,"date":"2024-03-06T11:11:09","date_gmt":"2024-03-06T04:11:09","guid":{"rendered":"https:\/\/www.wedabaynickel.com\/?page_id=2809"},"modified":"2025-01-15T20:19:17","modified_gmt":"2025-01-15T13:19:17","slug":"fournisseurs","status":"publish","type":"page","link":"https:\/\/www.wedabaynickel.com\/fr\/weda-bay-nickel\/fournisseurs\/","title":{"rendered":"Fournisseurs"},"content":{"rendered":"<div class=\"fusion-fullwidth fullwidth-box fusion-builder-row-1 fusion-flex-container nonhundred-percent-fullwidth hundred-percent-height non-hundred-percent-height-scrolling\" style=\"--awb-border-radius-top-left:0px;--awb-border-radius-top-right:0px;--awb-border-radius-bottom-right:0px;--awb-border-radius-bottom-left:0px;--awb-flex-wrap:wrap;\" ><div class=\"fusion-builder-row fusion-row fusion-flex-align-items-flex-start fusion-flex-align-content-center fusion-flex-content-wrap\" style=\"max-width:1248px;margin-left: calc(-4% \/ 2 );margin-right: calc(-4% \/ 2 );\"><div class=\"fusion-layout-column fusion_builder_column fusion-builder-column-0 fusion_builder_column_1_1 1_1 fusion-flex-column\" style=\"--awb-bg-size:cover;--awb-width-large:100%;--awb-margin-top-large:0px;--awb-spacing-right-large:1.92%;--awb-margin-bottom-large:0px;--awb-spacing-left-large:1.92%;--awb-width-medium:100%;--awb-spacing-right-medium:1.92%;--awb-spacing-left-medium:1.92%;--awb-width-small:100%;--awb-spacing-right-small:1.92%;--awb-spacing-left-small:1.92%;\"><div class=\"fusion-column-wrapper fusion-flex-justify-content-flex-start fusion-content-layout-column\"><div class=\"fusion-text fusion-text-1\"><h2>Partenariats avec les fournisseurs<\/h2>\n<p>\u00c0 PT Weda Bay Nickel, nous appr\u00e9cions l&rsquo;int\u00e9grit\u00e9, l&rsquo;honn\u00eatet\u00e9 et la cr\u00e9dibilit\u00e9 de tous nos fournisseurs. Nous nous engageons \u00e0 favoriser des relations solides avec les fournisseurs qui partagent nos valeurs. Si tu es un fournisseur fiable et \u00e9thique qui souhaite travailler avec nous, nous t&rsquo;invitons \u00e0 prendre contact avec notre \u00e9quipe <a href=\"https:\/\/www.wedabaynickel.com\/fr\/weda-bay-nickel\/medias\/contactez-nous\/\">ici<\/a>.<\/p>\n<p style=\"text-align: center;\"><em><strong>\u00ab Construisons ensemble un partenariat durable. \u00bb<\/strong><\/em><\/p>\n<\/div><\/div><\/div><\/div><\/div>\n","protected":false},"excerpt":{"rendered":"","protected":false},"author":4,"featured_media":2663,"parent":2480,"menu_order":12,"comment_status":"closed","ping_status":"closed","template":"","meta":{"footnotes":""},"class_list":["post-2809","page","type-page","status-publish","has-post-thumbnail","hentry"],"yoast_head":"<!-- This site is optimized with the Yoast SEO plugin v26.8 - https:\/\/yoast.com\/product\/yoast-seo-wordpress\/ -->\n<title>Fournisseurs - Weda Bay Nickel<\/title>\n<meta name=\"robots\" content=\"index, follow, max-snippet:-1, max-image-preview:large, max-video-preview:-1\" \/>\n<link rel=\"canonical\" href=\"https:\/\/www.wedabaynickel.com\/fr\/weda-bay-nickel\/fournisseurs\/\" \/>\n<meta property=\"og:locale\" content=\"fr_FR\" \/>\n<meta property=\"og:type\" content=\"article\" \/>\n<meta property=\"og:title\" content=\"Fournisseurs - Weda Bay Nickel\" \/>\n<meta property=\"og:url\" content=\"https:\/\/www.wedabaynickel.com\/fr\/weda-bay-nickel\/fournisseurs\/\" \/>\n<meta property=\"og:site_name\" content=\"Weda Bay Nickel\" \/>\n<meta property=\"article:modified_time\" content=\"2025-01-15T13:19:17+00:00\" \/>\n<meta property=\"og:image\" content=\"https:\/\/www.wedabaynickel.com\/wp-content\/uploads\/sites\/13\/revslider\/video-media\/WBN-Mine_9.jpeg\" \/>\n\t<meta property=\"og:image:width\" content=\"1920\" \/>\n\t<meta property=\"og:image:height\" content=\"1080\" \/>\n\t<meta property=\"og:image:type\" content=\"image\/jpeg\" \/>\n<meta name=\"twitter:card\" content=\"summary_large_image\" \/>\n<meta name=\"twitter:label1\" content=\"Dur\u00e9e de lecture estim\u00e9e\" \/>\n\t<meta name=\"twitter:data1\" content=\"1 minute\" \/>\n<script type=\"application\/ld+json\" class=\"yoast-schema-graph\">{\"@context\":\"https:\/\/schema.org\",\"@graph\":[{\"@type\":\"WebPage\",\"@id\":\"https:\/\/www.wedabaynickel.com\/fr\/weda-bay-nickel\/fournisseurs\/\",\"url\":\"https:\/\/www.wedabaynickel.com\/fr\/weda-bay-nickel\/fournisseurs\/\",\"name\":\"Fournisseurs - Weda Bay Nickel\",\"isPartOf\":{\"@id\":\"https:\/\/www.wedabaynickel.com\/en\/#website\"},\"primaryImageOfPage\":{\"@id\":\"https:\/\/www.wedabaynickel.com\/fr\/weda-bay-nickel\/fournisseurs\/#primaryimage\"},\"image\":{\"@id\":\"https:\/\/www.wedabaynickel.com\/fr\/weda-bay-nickel\/fournisseurs\/#primaryimage\"},\"thumbnailUrl\":\"https:\/\/www.wedabaynickel.com\/wp-content\/uploads\/sites\/13\/revslider\/video-media\/WBN-Mine_9.jpeg\",\"datePublished\":\"2024-03-06T04:11:09+00:00\",\"dateModified\":\"2025-01-15T13:19:17+00:00\",\"breadcrumb\":{\"@id\":\"https:\/\/www.wedabaynickel.com\/fr\/weda-bay-nickel\/fournisseurs\/#breadcrumb\"},\"inLanguage\":\"fr-FR\",\"potentialAction\":[{\"@type\":\"ReadAction\",\"target\":[\"https:\/\/www.wedabaynickel.com\/fr\/weda-bay-nickel\/fournisseurs\/\"]}]},{\"@type\":\"ImageObject\",\"inLanguage\":\"fr-FR\",\"@id\":\"https:\/\/www.wedabaynickel.com\/fr\/weda-bay-nickel\/fournisseurs\/#primaryimage\",\"url\":\"https:\/\/www.wedabaynickel.com\/wp-content\/uploads\/sites\/13\/revslider\/video-media\/WBN-Mine_9.jpeg\",\"contentUrl\":\"https:\/\/www.wedabaynickel.com\/wp-content\/uploads\/sites\/13\/revslider\/video-media\/WBN-Mine_9.jpeg\",\"width\":1920,\"height\":1080},{\"@type\":\"BreadcrumbList\",\"@id\":\"https:\/\/www.wedabaynickel.com\/fr\/weda-bay-nickel\/fournisseurs\/#breadcrumb\",\"itemListElement\":[{\"@type\":\"ListItem\",\"position\":1,\"name\":\"Home\",\"item\":\"https:\/\/www.wedabaynickel.com\/fr\/\"},{\"@type\":\"ListItem\",\"position\":2,\"name\":\"Weda Bay Nickel\",\"item\":\"https:\/\/www.wedabaynickel.com\/fr\/\"},{\"@type\":\"ListItem\",\"position\":3,\"name\":\"Fournisseurs\"}]},{\"@type\":\"WebSite\",\"@id\":\"https:\/\/www.wedabaynickel.com\/en\/#website\",\"url\":\"https:\/\/www.wedabaynickel.com\/en\/\",\"name\":\"Weda Bay Nickel\",\"description\":\"We provide nickel ore, an essential metal to develop new energy systems\",\"publisher\":{\"@id\":\"https:\/\/www.wedabaynickel.com\/en\/#organization\"},\"potentialAction\":[{\"@type\":\"SearchAction\",\"target\":{\"@type\":\"EntryPoint\",\"urlTemplate\":\"https:\/\/www.wedabaynickel.com\/en\/?s={search_term_string}\"},\"query-input\":{\"@type\":\"PropertyValueSpecification\",\"valueRequired\":true,\"valueName\":\"search_term_string\"}}],\"inLanguage\":\"fr-FR\"},{\"@type\":\"Organization\",\"@id\":\"https:\/\/www.wedabaynickel.com\/en\/#organization\",\"name\":\"Weda Bay Nickel\",\"url\":\"https:\/\/www.wedabaynickel.com\/en\/\",\"logo\":{\"@type\":\"ImageObject\",\"inLanguage\":\"fr-FR\",\"@id\":\"https:\/\/www.wedabaynickel.com\/en\/#\/schema\/logo\/image\/\",\"url\":\"https:\/\/www.wedabaynickel.com\/wp-content\/uploads\/sites\/13\/2024\/10\/WedaBayNickel-logo-16x9-1.png\",\"contentUrl\":\"https:\/\/www.wedabaynickel.com\/wp-content\/uploads\/sites\/13\/2024\/10\/WedaBayNickel-logo-16x9-1.png\",\"width\":1600,\"height\":900,\"caption\":\"Weda Bay Nickel\"},\"image\":{\"@id\":\"https:\/\/www.wedabaynickel.com\/en\/#\/schema\/logo\/image\/\"}}]}<\/script>\n<!-- \/ Yoast SEO plugin. -->","yoast_head_json":{"title":"Fournisseurs - Weda Bay Nickel","robots":{"index":"index","follow":"follow","max-snippet":"max-snippet:-1","max-image-preview":"max-image-preview:large","max-video-preview":"max-video-preview:-1"},"canonical":"https:\/\/www.wedabaynickel.com\/fr\/weda-bay-nickel\/fournisseurs\/","og_locale":"fr_FR","og_type":"article","og_title":"Fournisseurs - Weda Bay Nickel","og_url":"https:\/\/www.wedabaynickel.com\/fr\/weda-bay-nickel\/fournisseurs\/","og_site_name":"Weda Bay Nickel","article_modified_time":"2025-01-15T13:19:17+00:00","og_image":[{"width":1920,"height":1080,"url":"https:\/\/www.wedabaynickel.com\/wp-content\/uploads\/sites\/13\/revslider\/video-media\/WBN-Mine_9.jpeg","type":"image\/jpeg"}],"twitter_card":"summary_large_image","twitter_misc":{"Dur\u00e9e de lecture estim\u00e9e":"1 minute"},"schema":{"@context":"https:\/\/schema.org","@graph":[{"@type":"WebPage","@id":"https:\/\/www.wedabaynickel.com\/fr\/weda-bay-nickel\/fournisseurs\/","url":"https:\/\/www.wedabaynickel.com\/fr\/weda-bay-nickel\/fournisseurs\/","name":"Fournisseurs - Weda Bay Nickel","isPartOf":{"@id":"https:\/\/www.wedabaynickel.com\/en\/#website"},"primaryImageOfPage":{"@id":"https:\/\/www.wedabaynickel.com\/fr\/weda-bay-nickel\/fournisseurs\/#primaryimage"},"image":{"@id":"https:\/\/www.wedabaynickel.com\/fr\/weda-bay-nickel\/fournisseurs\/#primaryimage"},"thumbnailUrl":"https:\/\/www.wedabaynickel.com\/wp-content\/uploads\/sites\/13\/revslider\/video-media\/WBN-Mine_9.jpeg","datePublished":"2024-03-06T04:11:09+00:00","dateModified":"2025-01-15T13:19:17+00:00","breadcrumb":{"@id":"https:\/\/www.wedabaynickel.com\/fr\/weda-bay-nickel\/fournisseurs\/#breadcrumb"},"inLanguage":"fr-FR","potentialAction":[{"@type":"ReadAction","target":["https:\/\/www.wedabaynickel.com\/fr\/weda-bay-nickel\/fournisseurs\/"]}]},{"@type":"ImageObject","inLanguage":"fr-FR","@id":"https:\/\/www.wedabaynickel.com\/fr\/weda-bay-nickel\/fournisseurs\/#primaryimage","url":"https:\/\/www.wedabaynickel.com\/wp-content\/uploads\/sites\/13\/revslider\/video-media\/WBN-Mine_9.jpeg","contentUrl":"https:\/\/www.wedabaynickel.com\/wp-content\/uploads\/sites\/13\/revslider\/video-media\/WBN-Mine_9.jpeg","width":1920,"height":1080},{"@type":"BreadcrumbList","@id":"https:\/\/www.wedabaynickel.com\/fr\/weda-bay-nickel\/fournisseurs\/#breadcrumb","itemListElement":[{"@type":"ListItem","position":1,"name":"Home","item":"https:\/\/www.wedabaynickel.com\/fr\/"},{"@type":"ListItem","position":2,"name":"Weda Bay Nickel","item":"https:\/\/www.wedabaynickel.com\/fr\/"},{"@type":"ListItem","position":3,"name":"Fournisseurs"}]},{"@type":"WebSite","@id":"https:\/\/www.wedabaynickel.com\/en\/#website","url":"https:\/\/www.wedabaynickel.com\/en\/","name":"Weda Bay Nickel","description":"We provide nickel ore, an essential metal to develop new energy systems","publisher":{"@id":"https:\/\/www.wedabaynickel.com\/en\/#organization"},"potentialAction":[{"@type":"SearchAction","target":{"@type":"EntryPoint","urlTemplate":"https:\/\/www.wedabaynickel.com\/en\/?s={search_term_string}"},"query-input":{"@type":"PropertyValueSpecification","valueRequired":true,"valueName":"search_term_string"}}],"inLanguage":"fr-FR"},{"@type":"Organization","@id":"https:\/\/www.wedabaynickel.com\/en\/#organization","name":"Weda Bay Nickel","url":"https:\/\/www.wedabaynickel.com\/en\/","logo":{"@type":"ImageObject","inLanguage":"fr-FR","@id":"https:\/\/www.wedabaynickel.com\/en\/#\/schema\/logo\/image\/","url":"https:\/\/www.wedabaynickel.com\/wp-content\/uploads\/sites\/13\/2024\/10\/WedaBayNickel-logo-16x9-1.png","contentUrl":"https:\/\/www.wedabaynickel.com\/wp-content\/uploads\/sites\/13\/2024\/10\/WedaBayNickel-logo-16x9-1.png","width":1600,"height":900,"caption":"Weda Bay Nickel"},"image":{"@id":"https:\/\/www.wedabaynickel.com\/en\/#\/schema\/logo\/image\/"}}]}},"_links":{"self":[{"href":"https:\/\/www.wedabaynickel.com\/fr\/wp-json\/wp\/v2\/pages\/2809","targetHints":{"allow":["GET"]}}],"collection":[{"href":"https:\/\/www.wedabaynickel.com\/fr\/wp-json\/wp\/v2\/pages"}],"about":[{"href":"https:\/\/www.wedabaynickel.com\/fr\/wp-json\/wp\/v2\/types\/page"}],"author":[{"embeddable":true,"href":"https:\/\/www.wedabaynickel.com\/fr\/wp-json\/wp\/v2\/users\/4"}],"replies":[{"embeddable":true,"href":"https:\/\/www.wedabaynickel.com\/fr\/wp-json\/wp\/v2\/comments?post=2809"}],"version-history":[{"count":2,"href":"https:\/\/www.wedabaynickel.com\/fr\/wp-json\/wp\/v2\/pages\/2809\/revisions"}],"predecessor-version":[{"id":2828,"href":"https:\/\/www.wedabaynickel.com\/fr\/wp-json\/wp\/v2\/pages\/2809\/revisions\/2828"}],"up":[{"embeddable":true,"href":"https:\/\/www.wedabaynickel.com\/fr\/wp-json\/wp\/v2\/pages\/2480"}],"wp:featuredmedia":[{"embeddable":true,"href":"https:\/\/www.wedabaynickel.com\/fr\/wp-json\/wp\/v2\/media\/2663"}],"wp:attachment":[{"href":"https:\/\/www.wedabaynickel.com\/fr\/wp-json\/wp\/v2\/media?parent=2809"}],"curies":[{"name":"wp","href":"https:\/\/api.w.org\/{rel}","templated":true}]}}