{"id":2813,"date":"2020-06-22T16:42:21","date_gmt":"2020-06-22T09:42:21","guid":{"rendered":"https:\/\/www.wedabaynickel.com\/?page_id=2813"},"modified":"2025-01-06T21:10:41","modified_gmt":"2025-01-06T14:10:41","slug":"mentions-legales","status":"publish","type":"page","link":"https:\/\/www.wedabaynickel.com\/fr\/mentions-legales\/","title":{"rendered":"Mentions l\u00e9gales"},"content":{"rendered":"<blockquote><p><strong>PT Weda Bay Nickel<\/strong><br \/>\nSopo Del Office Tower A 21\u00e8me \u00e9tage<br \/>\nJI. Mega Kuningan Barat III<br \/>\nJakarta 12950<\/p><\/blockquote>\n<p>Directeur de publication : Boitumelo Morobe<\/p>\n<h2>D\u00e9veloppement et h\u00e9bergement du site<\/h2>\n<p>D\u00e9veloppement, h\u00e9bergement : Eramet &#8211; 10, Boulevard de Grenelle &#8211; CS 63205 &#8211; 75015 Paris &#8211; France<\/p>\n<p>La soci\u00e9t\u00e9 PT Weda Bay Nickel (ci-apr\u00e8s \u00ab\u00a0PT Weda Bay Nickel\u00a0\u00bb) permet aux visiteurs et aux utilisateurs (ci-apr\u00e8s les \u00ab\u00a0Visiteurs\u00a0\u00bb) de son site Web d&rsquo;acc\u00e9der \u00e0 ce site sur la base (et sous r\u00e9serve) de l&rsquo;acceptation des conditions suivantes :<\/p>\n<h2>Propri\u00e9taire du site web et propri\u00e9t\u00e9 intellectuelle<\/h2>\n<p>PT Weda Bay Nickel poss\u00e8de et g\u00e8re ce site web. PT Weda Bay Nickel s&rsquo;efforcera de mettre \u00e0 jour ce site par le biais de proc\u00e9dures appropri\u00e9es.<\/p>\n<p>Tous les \u00e9l\u00e9ments appartenant \u00e0 PT Weda Bay Nickel et\/ou \u00e0 ses filiales, tels que notamment le site web, les marques, dessins, mod\u00e8les, images, textes, photos, logos, chartes graphiques, logiciels, moteurs de recherche, bases de donn\u00e9es, sont la propri\u00e9t\u00e9 exclusive de PT Weda Bay Nickel. Les pr\u00e9sentes conditions d&rsquo;utilisation ne c\u00e8dent ni ne conc\u00e8dent en aucune mani\u00e8re des droits de propri\u00e9t\u00e9 intellectuelle au Visiteur ou \u00e0 un tiers sur les \u00e9l\u00e9ments appartenant \u00e0 PT Weda Bay Nickel et\/ou \u00e0 ses filiales. Toute repr\u00e9sentation totale ou partielle du site sans l&rsquo;autorisation expresse de PT Weda Bay Nickel est interdite et constituerait une contrefa\u00e7on sanctionn\u00e9e par les articles L.335-2 et suivants du Code de la propri\u00e9t\u00e9 intellectuelle. Les marques de l&rsquo;\u00e9diteur du site et de ses partenaires, ainsi que les logos figurant sur le site sont des marques d\u00e9pos\u00e9es (compos\u00e9es ou non).<\/p>\n<h2>Liens hypertextes et virus<\/h2>\n<p>Le site peut contenir des liens vers des sites externes ou des sources en ligne. PT Weda Bay Nickel ne peut contr\u00f4ler ces sites et ces sources externes et d\u00e9cline par cons\u00e9quent toute responsabilit\u00e9 quant \u00e0 leur disponibilit\u00e9, leur contenu, les publicit\u00e9s, les produits, les services ou tout autre mat\u00e9riel disponible sur ces sites ou sources externes. Les visiteurs sont enti\u00e8rement responsables de suivre ces liens. Il leur incombe \u00e9galement de prendre les pr\u00e9cautions n\u00e9cessaires pour s&rsquo;assurer que les sites externes ne contiennent pas de virus ou d&rsquo;autres \u00e9l\u00e9ments destructeurs.<\/p>\n<h2>Limitation de la responsabilit\u00e9 et exclusion de la garantie<\/h2>\n<p>PT Weda Bay Nickel n&rsquo;offre aucune garantie quant \u00e0 l&rsquo;exactitude, la pertinence ou l&rsquo;exhaustivit\u00e9 des informations figurant sur le site web. Ces informations ne peuvent \u00eatre interpr\u00e9t\u00e9es comme une offre, une invitation ou une sollicitation \u00e0 acheter ou \u00e0 vendre les produits ou services d\u00e9crits sur le site web. Les visiteurs acceptent tous les risques li\u00e9s \u00e0 l&rsquo;utilisation des informations et\/ou des donn\u00e9es contenues sur le site web. Le contenu du site web est fourni \u00e0 titre d&rsquo;information uniquement. Bien que PT Weda Bay Nickel s&rsquo;efforce d&rsquo;assurer la fiabilit\u00e9 du contenu de son site web, il ne peut garantir l&rsquo;absence d&rsquo;inexactitudes ou d&rsquo;omissions et n&rsquo;acceptera aucune responsabilit\u00e9 pour toute erreur ou omission ou pour l&rsquo;indisponibilit\u00e9 d&rsquo;informations et de services.<\/p>\n<p>PT Weda Bay Nickel se r\u00e9serve le droit, \u00e0 tout moment, d&rsquo;am\u00e9liorer et\/ou de modifier le contenu de son site web sans pr\u00e9avis. PT Weda Bay Nickel n&rsquo;acceptera aucune responsabilit\u00e9 pour tout dommage direct ou indirect.<\/p>\n","protected":false},"excerpt":{"rendered":"<p>PT Weda Bay Nickel Sopo Del Office Tower A 21\u00e8me \u00e9tage JI. Mega Kuningan Barat III Jakarta 12950 Directeur de publication : Boitumelo Morobe D\u00e9veloppement et h\u00e9bergement du site D\u00e9veloppement,  [&#8230;]<\/p>\n","protected":false},"author":4,"featured_media":0,"parent":0,"menu_order":110,"comment_status":"closed","ping_status":"closed","template":"","meta":{"footnotes":""},"class_list":["post-2813","page","type-page","status-publish","hentry"],"yoast_head":"<!-- This site is optimized with the Yoast SEO plugin v26.8 - https:\/\/yoast.com\/product\/yoast-seo-wordpress\/ -->\n<title>Mentions l\u00e9gales - Weda Bay Nickel<\/title>\n<meta name=\"robots\" content=\"index, follow, max-snippet:-1, max-image-preview:large, max-video-preview:-1\" \/>\n<link rel=\"canonical\" href=\"https:\/\/www.wedabaynickel.com\/fr\/mentions-legales\/\" \/>\n<meta property=\"og:locale\" content=\"fr_FR\" \/>\n<meta property=\"og:type\" content=\"article\" \/>\n<meta property=\"og:title\" content=\"Mentions l\u00e9gales - Weda Bay Nickel\" \/>\n<meta property=\"og:description\" content=\"PT Weda Bay Nickel Sopo Del Office Tower A 21\u00e8me \u00e9tage JI. Mega Kuningan Barat III Jakarta 12950 Directeur de publication : Boitumelo Morobe D\u00e9veloppement et h\u00e9bergement du site D\u00e9veloppement, [...]\" \/>\n<meta property=\"og:url\" content=\"https:\/\/www.wedabaynickel.com\/fr\/mentions-legales\/\" \/>\n<meta property=\"og:site_name\" content=\"Weda Bay Nickel\" \/>\n<meta property=\"article:modified_time\" content=\"2025-01-06T14:10:41+00:00\" \/>\n<meta property=\"og:image\" content=\"https:\/\/www.wedabaynickel.com\/wp-content\/uploads\/sites\/13\/2024\/10\/WedaBayNickel-logo-16x9-1.png\" \/>\n\t<meta property=\"og:image:width\" content=\"1600\" \/>\n\t<meta property=\"og:image:height\" content=\"900\" \/>\n\t<meta property=\"og:image:type\" content=\"image\/png\" \/>\n<meta name=\"twitter:card\" content=\"summary_large_image\" \/>\n<script type=\"application\/ld+json\" class=\"yoast-schema-graph\">{\"@context\":\"https:\/\/schema.org\",\"@graph\":[{\"@type\":\"WebPage\",\"@id\":\"https:\/\/www.wedabaynickel.com\/fr\/mentions-legales\/\",\"url\":\"https:\/\/www.wedabaynickel.com\/fr\/mentions-legales\/\",\"name\":\"Mentions l\u00e9gales - Weda Bay Nickel\",\"isPartOf\":{\"@id\":\"https:\/\/www.wedabaynickel.com\/en\/#website\"},\"datePublished\":\"2020-06-22T09:42:21+00:00\",\"dateModified\":\"2025-01-06T14:10:41+00:00\",\"breadcrumb\":{\"@id\":\"https:\/\/www.wedabaynickel.com\/fr\/mentions-legales\/#breadcrumb\"},\"inLanguage\":\"fr-FR\",\"potentialAction\":[{\"@type\":\"ReadAction\",\"target\":[\"https:\/\/www.wedabaynickel.com\/fr\/mentions-legales\/\"]}]},{\"@type\":\"BreadcrumbList\",\"@id\":\"https:\/\/www.wedabaynickel.com\/fr\/mentions-legales\/#breadcrumb\",\"itemListElement\":[{\"@type\":\"ListItem\",\"position\":1,\"name\":\"Home\",\"item\":\"https:\/\/www.wedabaynickel.com\/fr\/\"},{\"@type\":\"ListItem\",\"position\":2,\"name\":\"Mentions l\u00e9gales\"}]},{\"@type\":\"WebSite\",\"@id\":\"https:\/\/www.wedabaynickel.com\/en\/#website\",\"url\":\"https:\/\/www.wedabaynickel.com\/en\/\",\"name\":\"Weda Bay Nickel\",\"description\":\"We provide nickel ore, an essential metal to develop new energy systems\",\"publisher\":{\"@id\":\"https:\/\/www.wedabaynickel.com\/en\/#organization\"},\"potentialAction\":[{\"@type\":\"SearchAction\",\"target\":{\"@type\":\"EntryPoint\",\"urlTemplate\":\"https:\/\/www.wedabaynickel.com\/en\/?s={search_term_string}\"},\"query-input\":{\"@type\":\"PropertyValueSpecification\",\"valueRequired\":true,\"valueName\":\"search_term_string\"}}],\"inLanguage\":\"fr-FR\"},{\"@type\":\"Organization\",\"@id\":\"https:\/\/www.wedabaynickel.com\/en\/#organization\",\"name\":\"Weda Bay Nickel\",\"url\":\"https:\/\/www.wedabaynickel.com\/en\/\",\"logo\":{\"@type\":\"ImageObject\",\"inLanguage\":\"fr-FR\",\"@id\":\"https:\/\/www.wedabaynickel.com\/en\/#\/schema\/logo\/image\/\",\"url\":\"https:\/\/www.wedabaynickel.com\/wp-content\/uploads\/sites\/13\/2024\/10\/WedaBayNickel-logo-16x9-1.png\",\"contentUrl\":\"https:\/\/www.wedabaynickel.com\/wp-content\/uploads\/sites\/13\/2024\/10\/WedaBayNickel-logo-16x9-1.png\",\"width\":1600,\"height\":900,\"caption\":\"Weda Bay Nickel\"},\"image\":{\"@id\":\"https:\/\/www.wedabaynickel.com\/en\/#\/schema\/logo\/image\/\"}}]}<\/script>\n<!-- \/ Yoast SEO plugin. -->","yoast_head_json":{"title":"Mentions l\u00e9gales - Weda Bay Nickel","robots":{"index":"index","follow":"follow","max-snippet":"max-snippet:-1","max-image-preview":"max-image-preview:large","max-video-preview":"max-video-preview:-1"},"canonical":"https:\/\/www.wedabaynickel.com\/fr\/mentions-legales\/","og_locale":"fr_FR","og_type":"article","og_title":"Mentions l\u00e9gales - Weda Bay Nickel","og_description":"PT Weda Bay Nickel Sopo Del Office Tower A 21\u00e8me \u00e9tage JI. Mega Kuningan Barat III Jakarta 12950 Directeur de publication : Boitumelo Morobe D\u00e9veloppement et h\u00e9bergement du site D\u00e9veloppement, [...]","og_url":"https:\/\/www.wedabaynickel.com\/fr\/mentions-legales\/","og_site_name":"Weda Bay Nickel","article_modified_time":"2025-01-06T14:10:41+00:00","og_image":[{"width":1600,"height":900,"url":"https:\/\/www.wedabaynickel.com\/wp-content\/uploads\/sites\/13\/2024\/10\/WedaBayNickel-logo-16x9-1.png","type":"image\/png"}],"twitter_card":"summary_large_image","schema":{"@context":"https:\/\/schema.org","@graph":[{"@type":"WebPage","@id":"https:\/\/www.wedabaynickel.com\/fr\/mentions-legales\/","url":"https:\/\/www.wedabaynickel.com\/fr\/mentions-legales\/","name":"Mentions l\u00e9gales - Weda Bay Nickel","isPartOf":{"@id":"https:\/\/www.wedabaynickel.com\/en\/#website"},"datePublished":"2020-06-22T09:42:21+00:00","dateModified":"2025-01-06T14:10:41+00:00","breadcrumb":{"@id":"https:\/\/www.wedabaynickel.com\/fr\/mentions-legales\/#breadcrumb"},"inLanguage":"fr-FR","potentialAction":[{"@type":"ReadAction","target":["https:\/\/www.wedabaynickel.com\/fr\/mentions-legales\/"]}]},{"@type":"BreadcrumbList","@id":"https:\/\/www.wedabaynickel.com\/fr\/mentions-legales\/#breadcrumb","itemListElement":[{"@type":"ListItem","position":1,"name":"Home","item":"https:\/\/www.wedabaynickel.com\/fr\/"},{"@type":"ListItem","position":2,"name":"Mentions l\u00e9gales"}]},{"@type":"WebSite","@id":"https:\/\/www.wedabaynickel.com\/en\/#website","url":"https:\/\/www.wedabaynickel.com\/en\/","name":"Weda Bay Nickel","description":"We provide nickel ore, an essential metal to develop new energy systems","publisher":{"@id":"https:\/\/www.wedabaynickel.com\/en\/#organization"},"potentialAction":[{"@type":"SearchAction","target":{"@type":"EntryPoint","urlTemplate":"https:\/\/www.wedabaynickel.com\/en\/?s={search_term_string}"},"query-input":{"@type":"PropertyValueSpecification","valueRequired":true,"valueName":"search_term_string"}}],"inLanguage":"fr-FR"},{"@type":"Organization","@id":"https:\/\/www.wedabaynickel.com\/en\/#organization","name":"Weda Bay Nickel","url":"https:\/\/www.wedabaynickel.com\/en\/","logo":{"@type":"ImageObject","inLanguage":"fr-FR","@id":"https:\/\/www.wedabaynickel.com\/en\/#\/schema\/logo\/image\/","url":"https:\/\/www.wedabaynickel.com\/wp-content\/uploads\/sites\/13\/2024\/10\/WedaBayNickel-logo-16x9-1.png","contentUrl":"https:\/\/www.wedabaynickel.com\/wp-content\/uploads\/sites\/13\/2024\/10\/WedaBayNickel-logo-16x9-1.png","width":1600,"height":900,"caption":"Weda Bay Nickel"},"image":{"@id":"https:\/\/www.wedabaynickel.com\/en\/#\/schema\/logo\/image\/"}}]}},"_links":{"self":[{"href":"https:\/\/www.wedabaynickel.com\/fr\/wp-json\/wp\/v2\/pages\/2813","targetHints":{"allow":["GET"]}}],"collection":[{"href":"https:\/\/www.wedabaynickel.com\/fr\/wp-json\/wp\/v2\/pages"}],"about":[{"href":"https:\/\/www.wedabaynickel.com\/fr\/wp-json\/wp\/v2\/types\/page"}],"author":[{"embeddable":true,"href":"https:\/\/www.wedabaynickel.com\/fr\/wp-json\/wp\/v2\/users\/4"}],"replies":[{"embeddable":true,"href":"https:\/\/www.wedabaynickel.com\/fr\/wp-json\/wp\/v2\/comments?post=2813"}],"version-history":[{"count":1,"href":"https:\/\/www.wedabaynickel.com\/fr\/wp-json\/wp\/v2\/pages\/2813\/revisions"}],"predecessor-version":[{"id":2814,"href":"https:\/\/www.wedabaynickel.com\/fr\/wp-json\/wp\/v2\/pages\/2813\/revisions\/2814"}],"wp:attachment":[{"href":"https:\/\/www.wedabaynickel.com\/fr\/wp-json\/wp\/v2\/media?parent=2813"}],"curies":[{"name":"wp","href":"https:\/\/api.w.org\/{rel}","templated":true}]}}