{"id":2816,"date":"2024-04-11T13:23:54","date_gmt":"2024-04-11T06:23:54","guid":{"rendered":"https:\/\/www.wedabaynickel.com\/?page_id=2816"},"modified":"2025-01-06T21:12:58","modified_gmt":"2025-01-06T14:12:58","slug":"donnees-personnelles","status":"publish","type":"page","link":"https:\/\/www.wedabaynickel.com\/fr\/donnees-personnelles\/","title":{"rendered":"Donn\u00e9es personnelles"},"content":{"rendered":"\r\n<h2 class=\"wp-block-heading\">Qui sommes-nous ?<\/h2>\r\nL&rsquo;adresse de notre site web est : https:\/\/wedabaynickel.com\/.\r\n<h2>Commentaires<\/h2>\r\nLorsque les visiteurs laissent des commentaires sur le site, nous recueillons les donn\u00e9es figurant dans le formulaire de commentaires, ainsi que l&rsquo;adresse IP du visiteur et la cha\u00eene de l&rsquo;agent utilisateur du navigateur pour faciliter la d\u00e9tection des spams.\r\n\r\nUne cha\u00eene anonyme cr\u00e9\u00e9e \u00e0 partir de votre adresse \u00e9lectronique (\u00e9galement appel\u00e9e \u00ab\u00a0hash\u00a0\u00bb) peut \u00eatre fournie au service Gravatar pour v\u00e9rifier si vous l&rsquo;utilisez. La politique de confidentialit\u00e9 du service Gravatar est disponible ici : https:\/\/automattic.com\/privacy\/. Apr\u00e8s approbation de votre commentaire, votre photo de profil est visible par le public dans le contexte de votre commentaire.\r\n<h2>M\u00e9dias<\/h2>\r\nSi vous t\u00e9l\u00e9chargez des images sur le site web, vous devez \u00e9viter de t\u00e9l\u00e9charger des images contenant des donn\u00e9es de localisation (EXIF GPS). Les visiteurs du site web peuvent t\u00e9l\u00e9charger et extraire toutes les donn\u00e9es de localisation des images sur le site web.\r\n<h2>Cookies<\/h2>\r\nSi vous laissez un commentaire sur notre site, vous pouvez accepter que votre nom, votre adresse \u00e9lectronique et votre site web soient enregistr\u00e9s dans des cookies. Ces cookies sont destin\u00e9s \u00e0 vous faciliter la t\u00e2che, de sorte que vous n&rsquo;ayez pas \u00e0 fournir \u00e0 nouveau vos coordonn\u00e9es lorsque vous laissez un autre commentaire. Ces cookies ont une dur\u00e9e de vie d&rsquo;un an.\r\n\r\nSi vous visitez notre page de connexion, nous installerons un cookie temporaire pour d\u00e9terminer si votre navigateur accepte les cookies. Ce cookie ne contient aucune donn\u00e9e personnelle et est supprim\u00e9 lorsque vous fermez votre navigateur.\r\n\r\nLorsque vous vous connectez, nous installons \u00e9galement plusieurs cookies pour enregistrer vos informations de connexion et vos choix d&rsquo;affichage \u00e0 l&rsquo;\u00e9cran. Les cookies de connexion ont une dur\u00e9e de vie de deux jours et les cookies d&rsquo;options d&rsquo;\u00e9cran ont une dur\u00e9e de vie d&rsquo;un an. Si vous s\u00e9lectionnez l&rsquo;option \u00ab\u00a0Se souvenir de moi\u00a0\u00bb, votre connexion sera conserv\u00e9e pendant deux semaines. Si vous vous d\u00e9connectez de votre compte, les cookies de connexion seront supprim\u00e9s.\r\n\r\nSi vous modifiez ou publiez un article, un cookie suppl\u00e9mentaire sera enregistr\u00e9 dans votre navigateur. Ce cookie ne contient aucune donn\u00e9e personnelle et indique simplement l&rsquo;ID de l&rsquo;article que vous venez de modifier. Il expire apr\u00e8s 1 jour.\r\n<h2>Contenu int\u00e9gr\u00e9 d&rsquo;autres sites web<\/h2>\r\nLes articles de ce site peuvent contenir du contenu int\u00e9gr\u00e9 (par exemple des vid\u00e9os, des images, des articles, etc.). Le contenu int\u00e9gr\u00e9 provenant d&rsquo;autres sites web se comporte exactement de la m\u00eame mani\u00e8re que si le visiteur avait visit\u00e9 l&rsquo;autre site web.\r\n\r\nCes sites web peuvent collecter des donn\u00e9es vous concernant, utiliser des cookies, int\u00e9grer un suivi suppl\u00e9mentaire par des tiers et surveiller votre interaction avec ce contenu int\u00e9gr\u00e9, y compris votre interaction avec le contenu int\u00e9gr\u00e9 si vous avez un compte et que vous \u00eates connect\u00e9 \u00e0 ce site web.\r\n<h2>Avec qui partageons-nous vos donn\u00e9es ?<\/h2>\r\nSi vous demandez une r\u00e9initialisation de votre mot de passe, votre adresse IP sera incluse dans l&rsquo;e-mail de r\u00e9initialisation.\r\n<h2>Dur\u00e9e de conservation de vos donn\u00e9es<\/h2>\r\nSi vous laissez un commentaire, celui-ci et ses m\u00e9tadonn\u00e9es sont conserv\u00e9s ind\u00e9finiment. Cela nous permet de reconna\u00eetre et d&rsquo;approuver automatiquement les commentaires de suivi au lieu de les conserver dans une file d&rsquo;attente de mod\u00e9ration.\r\n\r\nPour les utilisateurs qui s&rsquo;inscrivent sur notre site web (le cas \u00e9ch\u00e9ant), nous stockons \u00e9galement les informations personnelles qu&rsquo;ils fournissent dans leur profil d&rsquo;utilisateur. Tous les utilisateurs peuvent voir, modifier ou supprimer leurs informations personnelles \u00e0 tout moment. Les administrateurs du site web peuvent \u00e9galement consulter et modifier ces informations.\r\n\r\n","protected":false},"excerpt":{"rendered":"<p>Qui sommes-nous ? L&rsquo;adresse de notre site web est : https:\/\/wedabaynickel.com\/. Commentaires Lorsque les visiteurs laissent des commentaires sur le site, nous recueillons les donn\u00e9es figurant dans le formulaire de  [&#8230;]<\/p>\n","protected":false},"author":4,"featured_media":0,"parent":0,"menu_order":100,"comment_status":"closed","ping_status":"closed","template":"","meta":{"footnotes":""},"class_list":["post-2816","page","type-page","status-publish","hentry"],"yoast_head":"<!-- This site is optimized with the Yoast SEO plugin v26.8 - https:\/\/yoast.com\/product\/yoast-seo-wordpress\/ -->\n<title>Donn\u00e9es personnelles - Weda Bay Nickel<\/title>\n<meta name=\"robots\" content=\"index, follow, max-snippet:-1, max-image-preview:large, max-video-preview:-1\" \/>\n<link rel=\"canonical\" href=\"https:\/\/www.wedabaynickel.com\/fr\/donnees-personnelles\/\" \/>\n<meta property=\"og:locale\" content=\"fr_FR\" \/>\n<meta property=\"og:type\" content=\"article\" \/>\n<meta property=\"og:title\" content=\"Donn\u00e9es personnelles - Weda Bay Nickel\" \/>\n<meta property=\"og:description\" content=\"Qui sommes-nous ? L&rsquo;adresse de notre site web est : https:\/\/wedabaynickel.com\/. Commentaires Lorsque les visiteurs laissent des commentaires sur le site, nous recueillons les donn\u00e9es figurant dans le formulaire de [...]\" \/>\n<meta property=\"og:url\" content=\"https:\/\/www.wedabaynickel.com\/fr\/donnees-personnelles\/\" \/>\n<meta property=\"og:site_name\" content=\"Weda Bay Nickel\" \/>\n<meta property=\"article:modified_time\" content=\"2025-01-06T14:12:58+00:00\" \/>\n<meta property=\"og:image\" content=\"https:\/\/www.wedabaynickel.com\/wp-content\/uploads\/sites\/13\/2024\/10\/WedaBayNickel-logo-16x9-1.png\" \/>\n\t<meta property=\"og:image:width\" content=\"1600\" \/>\n\t<meta property=\"og:image:height\" content=\"900\" \/>\n\t<meta property=\"og:image:type\" content=\"image\/png\" \/>\n<meta name=\"twitter:card\" content=\"summary_large_image\" \/>\n<script type=\"application\/ld+json\" class=\"yoast-schema-graph\">{\"@context\":\"https:\/\/schema.org\",\"@graph\":[{\"@type\":\"WebPage\",\"@id\":\"https:\/\/www.wedabaynickel.com\/fr\/donnees-personnelles\/\",\"url\":\"https:\/\/www.wedabaynickel.com\/fr\/donnees-personnelles\/\",\"name\":\"Donn\u00e9es personnelles - Weda Bay Nickel\",\"isPartOf\":{\"@id\":\"https:\/\/www.wedabaynickel.com\/en\/#website\"},\"datePublished\":\"2024-04-11T06:23:54+00:00\",\"dateModified\":\"2025-01-06T14:12:58+00:00\",\"breadcrumb\":{\"@id\":\"https:\/\/www.wedabaynickel.com\/fr\/donnees-personnelles\/#breadcrumb\"},\"inLanguage\":\"fr-FR\",\"potentialAction\":[{\"@type\":\"ReadAction\",\"target\":[\"https:\/\/www.wedabaynickel.com\/fr\/donnees-personnelles\/\"]}]},{\"@type\":\"BreadcrumbList\",\"@id\":\"https:\/\/www.wedabaynickel.com\/fr\/donnees-personnelles\/#breadcrumb\",\"itemListElement\":[{\"@type\":\"ListItem\",\"position\":1,\"name\":\"Home\",\"item\":\"https:\/\/www.wedabaynickel.com\/fr\/\"},{\"@type\":\"ListItem\",\"position\":2,\"name\":\"Donn\u00e9es personnelles\"}]},{\"@type\":\"WebSite\",\"@id\":\"https:\/\/www.wedabaynickel.com\/en\/#website\",\"url\":\"https:\/\/www.wedabaynickel.com\/en\/\",\"name\":\"Weda Bay Nickel\",\"description\":\"We provide nickel ore, an essential metal to develop new energy systems\",\"publisher\":{\"@id\":\"https:\/\/www.wedabaynickel.com\/en\/#organization\"},\"potentialAction\":[{\"@type\":\"SearchAction\",\"target\":{\"@type\":\"EntryPoint\",\"urlTemplate\":\"https:\/\/www.wedabaynickel.com\/en\/?s={search_term_string}\"},\"query-input\":{\"@type\":\"PropertyValueSpecification\",\"valueRequired\":true,\"valueName\":\"search_term_string\"}}],\"inLanguage\":\"fr-FR\"},{\"@type\":\"Organization\",\"@id\":\"https:\/\/www.wedabaynickel.com\/en\/#organization\",\"name\":\"Weda Bay Nickel\",\"url\":\"https:\/\/www.wedabaynickel.com\/en\/\",\"logo\":{\"@type\":\"ImageObject\",\"inLanguage\":\"fr-FR\",\"@id\":\"https:\/\/www.wedabaynickel.com\/en\/#\/schema\/logo\/image\/\",\"url\":\"https:\/\/www.wedabaynickel.com\/wp-content\/uploads\/sites\/13\/2024\/10\/WedaBayNickel-logo-16x9-1.png\",\"contentUrl\":\"https:\/\/www.wedabaynickel.com\/wp-content\/uploads\/sites\/13\/2024\/10\/WedaBayNickel-logo-16x9-1.png\",\"width\":1600,\"height\":900,\"caption\":\"Weda Bay Nickel\"},\"image\":{\"@id\":\"https:\/\/www.wedabaynickel.com\/en\/#\/schema\/logo\/image\/\"}}]}<\/script>\n<!-- \/ Yoast SEO plugin. -->","yoast_head_json":{"title":"Donn\u00e9es personnelles - Weda Bay Nickel","robots":{"index":"index","follow":"follow","max-snippet":"max-snippet:-1","max-image-preview":"max-image-preview:large","max-video-preview":"max-video-preview:-1"},"canonical":"https:\/\/www.wedabaynickel.com\/fr\/donnees-personnelles\/","og_locale":"fr_FR","og_type":"article","og_title":"Donn\u00e9es personnelles - Weda Bay Nickel","og_description":"Qui sommes-nous ? L&rsquo;adresse de notre site web est : https:\/\/wedabaynickel.com\/. Commentaires Lorsque les visiteurs laissent des commentaires sur le site, nous recueillons les donn\u00e9es figurant dans le formulaire de [...]","og_url":"https:\/\/www.wedabaynickel.com\/fr\/donnees-personnelles\/","og_site_name":"Weda Bay Nickel","article_modified_time":"2025-01-06T14:12:58+00:00","og_image":[{"width":1600,"height":900,"url":"https:\/\/www.wedabaynickel.com\/wp-content\/uploads\/sites\/13\/2024\/10\/WedaBayNickel-logo-16x9-1.png","type":"image\/png"}],"twitter_card":"summary_large_image","schema":{"@context":"https:\/\/schema.org","@graph":[{"@type":"WebPage","@id":"https:\/\/www.wedabaynickel.com\/fr\/donnees-personnelles\/","url":"https:\/\/www.wedabaynickel.com\/fr\/donnees-personnelles\/","name":"Donn\u00e9es personnelles - Weda Bay Nickel","isPartOf":{"@id":"https:\/\/www.wedabaynickel.com\/en\/#website"},"datePublished":"2024-04-11T06:23:54+00:00","dateModified":"2025-01-06T14:12:58+00:00","breadcrumb":{"@id":"https:\/\/www.wedabaynickel.com\/fr\/donnees-personnelles\/#breadcrumb"},"inLanguage":"fr-FR","potentialAction":[{"@type":"ReadAction","target":["https:\/\/www.wedabaynickel.com\/fr\/donnees-personnelles\/"]}]},{"@type":"BreadcrumbList","@id":"https:\/\/www.wedabaynickel.com\/fr\/donnees-personnelles\/#breadcrumb","itemListElement":[{"@type":"ListItem","position":1,"name":"Home","item":"https:\/\/www.wedabaynickel.com\/fr\/"},{"@type":"ListItem","position":2,"name":"Donn\u00e9es personnelles"}]},{"@type":"WebSite","@id":"https:\/\/www.wedabaynickel.com\/en\/#website","url":"https:\/\/www.wedabaynickel.com\/en\/","name":"Weda Bay Nickel","description":"We provide nickel ore, an essential metal to develop new energy systems","publisher":{"@id":"https:\/\/www.wedabaynickel.com\/en\/#organization"},"potentialAction":[{"@type":"SearchAction","target":{"@type":"EntryPoint","urlTemplate":"https:\/\/www.wedabaynickel.com\/en\/?s={search_term_string}"},"query-input":{"@type":"PropertyValueSpecification","valueRequired":true,"valueName":"search_term_string"}}],"inLanguage":"fr-FR"},{"@type":"Organization","@id":"https:\/\/www.wedabaynickel.com\/en\/#organization","name":"Weda Bay Nickel","url":"https:\/\/www.wedabaynickel.com\/en\/","logo":{"@type":"ImageObject","inLanguage":"fr-FR","@id":"https:\/\/www.wedabaynickel.com\/en\/#\/schema\/logo\/image\/","url":"https:\/\/www.wedabaynickel.com\/wp-content\/uploads\/sites\/13\/2024\/10\/WedaBayNickel-logo-16x9-1.png","contentUrl":"https:\/\/www.wedabaynickel.com\/wp-content\/uploads\/sites\/13\/2024\/10\/WedaBayNickel-logo-16x9-1.png","width":1600,"height":900,"caption":"Weda Bay Nickel"},"image":{"@id":"https:\/\/www.wedabaynickel.com\/en\/#\/schema\/logo\/image\/"}}]}},"_links":{"self":[{"href":"https:\/\/www.wedabaynickel.com\/fr\/wp-json\/wp\/v2\/pages\/2816","targetHints":{"allow":["GET"]}}],"collection":[{"href":"https:\/\/www.wedabaynickel.com\/fr\/wp-json\/wp\/v2\/pages"}],"about":[{"href":"https:\/\/www.wedabaynickel.com\/fr\/wp-json\/wp\/v2\/types\/page"}],"author":[{"embeddable":true,"href":"https:\/\/www.wedabaynickel.com\/fr\/wp-json\/wp\/v2\/users\/4"}],"replies":[{"embeddable":true,"href":"https:\/\/www.wedabaynickel.com\/fr\/wp-json\/wp\/v2\/comments?post=2816"}],"version-history":[{"count":1,"href":"https:\/\/www.wedabaynickel.com\/fr\/wp-json\/wp\/v2\/pages\/2816\/revisions"}],"predecessor-version":[{"id":2817,"href":"https:\/\/www.wedabaynickel.com\/fr\/wp-json\/wp\/v2\/pages\/2816\/revisions\/2817"}],"wp:attachment":[{"href":"https:\/\/www.wedabaynickel.com\/fr\/wp-json\/wp\/v2\/media?parent=2816"}],"curies":[{"name":"wp","href":"https:\/\/api.w.org\/{rel}","templated":true}]}}